{"id":864,"date":"2021-05-12T17:06:06","date_gmt":"2021-05-12T15:06:06","guid":{"rendered":"https:\/\/be365.fr\/index.php\/dynamics-365\/"},"modified":"2024-04-09T01:44:26","modified_gmt":"2024-04-08T23:44:26","slug":"dynamics-365","status":"publish","type":"page","link":"https:\/\/be365.fr\/index.php\/dynamics-365\/","title":{"rendered":"Dynamics 365"},"content":{"rendered":"<div data-colibri-id=\"864-c1\" class=\"style-889 style-local-864-c1 position-relative\">\n  <!---->\n  <div data-colibri-component=\"section\" data-colibri-id=\"864-c2\" id=\"overlappable\" class=\"h-section h-section-global-spacing d-flex align-items-lg-center align-items-md-center align-items-center style-1696 style-local-864-c2 position-relative\">\n    <!---->\n    <!---->\n    <div class=\"h-section-grid-container h-section-boxed-container\">\n      <div data-colibri-id=\"864-c12\" class=\"h-row-container gutters-row-lg-2 gutters-row-md-2 gutters-row-0 gutters-row-v-lg-2 gutters-row-v-md-2 gutters-row-v-2 style-1705 style-local-864-c12 position-relative\">\n        <!---->\n        <div class=\"h-row justify-content-lg-center justify-content-md-center justify-content-center align-items-lg-stretch align-items-md-stretch align-items-stretch gutters-col-lg-2 gutters-col-md-2 gutters-col-0 gutters-col-v-lg-2 gutters-col-v-md-2 gutters-col-v-2\">\n          <!---->\n          <div class=\"h-column h-column-container d-flex h-col-lg-auto h-col-md-auto h-col-auto style-1706-outer style-local-864-c13-outer\">\n            <div data-colibri-id=\"864-c13\" class=\"d-flex h-flex-basis h-column__inner h-px-lg-2 h-px-md-2 h-px-2 v-inner-lg-2 v-inner-md-2 v-inner-2 style-1706 style-local-864-c13 position-relative\">\n              <!---->\n              <!---->\n              <div class=\"w-100 h-y-container h-column__content h-column__v-align flex-basis-100 align-self-lg-start align-self-md-start align-self-start\">\n                <!---->\n                <div data-colibri-id=\"864-c16\" data-aos=\"fadeInDown\" class=\"d-block style-1709 style-local-864-c16 position-relative h-element\">\n                  <!---->\n                  <div class=\"h-image__frame-container-outer\">\n                    <div class=\"h-image__frame-container\">\n                      <!---->\n                      <!---->\n                      <img data-recalc-dims=\"1\" loading=\"lazy\" decoding=\"async\" width=\"2410\" height=\"747\" src=\"https:\/\/i0.wp.com\/be365.fr\/wp-content\/uploads\/2024\/04\/cropped-Dynamics-365-logo.png?resize=2410%2C747&#038;ssl=1\" class=\"wp-image-2130 style-1709-image style-local-864-c16-image\" alt=\"\" srcset=\"https:\/\/i0.wp.com\/be365.fr\/wp-content\/uploads\/2024\/04\/cropped-Dynamics-365-logo.png?w=2410&amp;ssl=1 2410w, https:\/\/i0.wp.com\/be365.fr\/wp-content\/uploads\/2024\/04\/cropped-Dynamics-365-logo.png?resize=300%2C93&amp;ssl=1 300w, https:\/\/i0.wp.com\/be365.fr\/wp-content\/uploads\/2024\/04\/cropped-Dynamics-365-logo.png?resize=1024%2C317&amp;ssl=1 1024w, https:\/\/i0.wp.com\/be365.fr\/wp-content\/uploads\/2024\/04\/cropped-Dynamics-365-logo.png?resize=768%2C238&amp;ssl=1 768w, https:\/\/i0.wp.com\/be365.fr\/wp-content\/uploads\/2024\/04\/cropped-Dynamics-365-logo.png?resize=1536%2C476&amp;ssl=1 1536w, https:\/\/i0.wp.com\/be365.fr\/wp-content\/uploads\/2024\/04\/cropped-Dynamics-365-logo.png?resize=2048%2C635&amp;ssl=1 2048w\" sizes=\"auto, (max-width: 1000px) 100vw, 1000px\" \/>\n                      <div class=\"h-image__frame h-hide-lg h-hide-md h-hide-sm style-1709-frameImage style-local-864-c16-frameImage\"><\/div>\n                    <\/div>\n                  <\/div>\n                <\/div>\n                <div data-colibri-id=\"864-c15\" data-aos=\"fadeInDown\" class=\"h-text h-text-component style-1708 style-local-864-c15 position-relative h-element\">\n                  <!---->\n                  <!---->\n                  <div class=\"\">\n                    <p><span style=\"font-weight: 400; font-size: 14px; color: rgb(36, 36, 36);\">Dynamics 365 <\/span><span style=\"font-weight: 600; font-size: 14px; color: rgb(243, 79, 28);\">r\u00e9volutionne <\/span><span style=\"font-weight: 400; font-size: 14px; color: rgb(36, 36, 36);\">la mani\u00e8re dont les entreprises interagissent avec leurs clients. Avec Dynamics 365 for Sales, transformez vos relations client en <\/span>\n                      <span\n                        style=\"font-weight: 600; font-size: 14px; color: rgb(243, 79, 28);\">insights <\/span><span style=\"font-weight: 400; font-size: 14px; color: rgb(36, 36, 36);\">pr\u00e9cieux pour conclure plus de ventes et accro\u00eetre leur fid\u00e9lit\u00e9.<\/span><\/p>\n                  <\/div>\n                <\/div>\n              <\/div>\n            <\/div>\n          <\/div>\n        <\/div>\n      <\/div>\n      <div data-colibri-id=\"864-c3\" class=\"h-row-container gutters-row-lg-0 gutters-row-md-0 gutters-row-0 gutters-row-v-lg-0 gutters-row-v-md-0 gutters-row-v-0 style-1697 style-local-864-c3 position-relative\">\n        <!---->\n        <div class=\"h-row justify-content-lg-center justify-content-md-center justify-content-center align-items-lg-stretch align-items-md-stretch align-items-stretch gutters-col-lg-0 gutters-col-md-0 gutters-col-0 gutters-col-v-lg-0 gutters-col-v-md-0 gutters-col-v-0\">\n          <!---->\n          <div data-aos=\"fadeInLeft\" class=\"h-column h-column-container d-flex h-col-lg-auto h-col-md-auto h-col-auto style-1698-outer style-local-864-c4-outer\">\n            <div data-colibri-id=\"864-c4\" class=\"d-flex h-flex-basis h-column__inner h-ui-empty-state-container h-px-lg-0 h-px-md-0 h-px-0 v-inner-lg-0 v-inner-md-0 v-inner-0 style-1698 style-local-864-c4 position-relative\">\n              <!---->\n              <!---->\n              <div class=\"w-100 h-y-container h-column__content h-column__v-align flex-basis-100\">\n                <!---->\n              <\/div>\n            <\/div>\n          <\/div>\n          <div data-aos=\"fadeInRight\" class=\"h-column h-column-container d-flex h-col-lg-auto h-col-md-auto h-col-auto style-1699-outer style-local-864-c5-outer\">\n            <div data-colibri-id=\"864-c5\" class=\"d-flex h-flex-basis h-column__inner h-px-lg-2 h-px-md-2 h-px-2 v-inner-lg-2 v-inner-md-2 v-inner-2 style-1699 style-local-864-c5 position-relative\">\n              <!---->\n              <!---->\n              <div class=\"w-100 h-y-container h-column__content h-column__v-align flex-basis-100 align-self-lg-center align-self-md-center align-self-center\">\n                <!---->\n                <div data-colibri-id=\"864-c6\" class=\"h-global-transition-all h-heading style-1700 style-local-864-c6 position-relative h-element\">\n                  <!---->\n                  <div class=\"h-heading__outer style-1700 style-local-864-c6\">\n                    <!---->\n                    <!---->\n                    <h4 class=\"\">Dynamics 365 for Sales<\/h4>\n                  <\/div>\n                <\/div>\n                <div data-colibri-id=\"864-c7\" class=\"h-text h-text-component style-1701 style-local-864-c7 position-relative h-element\">\n                  <!---->\n                  <!---->\n                  <div class=\"\">\n                    <p><strong style=\"font-weight: 600;\">Gestion de la relation client&nbsp;<\/strong><span style=\"font-weight: 400;\">: <\/span><span style=\"font-weight: 400; color: rgb(4, 4, 4);\">Suivez et g\u00e9rez vos contacts et <\/span><span style=\"font-weight: 600; color: rgb(243, 79, 28);\">opportunit\u00e9s <\/span>\n                      <span\n                        style=\"font-weight: 400; color: rgb(4, 4, 4);\">de vente avec une vue \u00e0 <\/span><span style=\"font-weight: 600; color: rgb(243, 79, 28);\">360 degr\u00e9s<\/span><span style=\"font-weight: 400; color: rgb(4, 4, 4);\">.<\/span><\/p>\n                    <p><strong style=\"font-weight: 600;\">Automatisation des forces de vente<\/strong><span style=\"font-weight: 400;\">&nbsp;: <\/span><span style=\"font-weight: 600; color: rgb(243, 79, 28);\">Automatisez <\/span><span style=\"font-weight: 400; color: rgb(4, 4, 4);\">vos processus de vente pour augmenter la <\/span>\n                      <span\n                        style=\"font-weight: 600; color: rgb(243, 79, 28);\">productivit\u00e9 <\/span><span style=\"font-weight: 400; color: rgb(4, 4, 4);\">et r\u00e9duire les d\u00e9lais de vente.<\/span><\/p>\n                    <p><strong style=\"font-weight: 600;\">Copilot pour Dynamics 365<\/strong><span style=\"font-weight: 400;\">&nbsp;: Utilisez <\/span><span style=\"font-weight: 600; color: rgb(243, 79, 28);\">l&rsquo;IA<\/span><span style=\"font-weight: 400;\"> pour pr\u00e9dire les besoins des clients et personnaliser l&rsquo;engagement.<\/span><\/p>\n                    <p>\n                      <br>\n                    <\/p>\n                  <\/div>\n                <\/div>\n              <\/div>\n            <\/div>\n          <\/div>\n          <div data-aos=\"fadeInLeft\" class=\"h-column h-column-container d-flex h-col-lg-auto h-col-md-auto h-col-auto style-1699-outer style-local-864-c8-outer\">\n            <div data-colibri-id=\"864-c8\" class=\"d-flex h-flex-basis h-column__inner h-px-lg-2 h-px-md-2 h-px-2 v-inner-lg-2 v-inner-md-2 v-inner-2 style-1699 style-local-864-c8 position-relative\">\n              <!---->\n              <!---->\n              <div class=\"w-100 h-y-container h-column__content h-column__v-align flex-basis-100 align-self-lg-center align-self-md-center align-self-center\">\n                <!---->\n                <div data-colibri-id=\"864-c9\" class=\"h-global-transition-all h-heading style-1700 style-local-864-c9 position-relative h-element\">\n                  <!---->\n                  <div class=\"h-heading__outer style-1700 style-local-864-c9\">\n                    <!---->\n                    <!---->\n                    <h4 class=\"\">Dynamics for Customer<\/h4>\n                  <\/div>\n                <\/div>\n                <div data-colibri-id=\"864-c10\" class=\"h-text h-text-component style-1701 style-local-864-c10 position-relative h-element\">\n                  <!---->\n                  <!---->\n                  <div class=\"\">\n                    <p><strong style=\"color: rgb(6, 6, 6); font-weight: 600;\">Gestion des tickets&nbsp;<\/strong><span style=\"color: rgb(6, 6, 6); font-weight: 400;\">: <\/span><span style=\"color: rgb(243, 79, 28); font-weight: 600;\">R\u00e9pondez efficacement<\/span>\n                      <span\n                        style=\"color: rgb(6, 6, 6); font-weight: 400;\"> aux demandes des clients et <\/span><span style=\"color: rgb(3, 3, 3); font-weight: 400;\">r\u00e9solvez les probl\u00e8mes<\/span><span style=\"color: rgb(6, 6, 6); font-weight: 400;\"> rapidement.<\/span><\/p>\n                    <p><strong style=\"color: rgb(6, 6, 6); font-weight: 600;\">Power Apps Portal<\/strong><span style=\"color: rgb(6, 6, 6); font-weight: 400;\">&nbsp;: Offrez aux clients la possibilit\u00e9 de trouver des r\u00e9ponses et de <\/span><span style=\"color: rgb(243, 79, 28); font-weight: 600;\">r\u00e9soudre des probl\u00e8mes<\/span>\n                      <span\n                        style=\"color: rgb(6, 6, 6); font-weight: 400;\"> par eux-m\u00eames.<\/span>\n                    <\/p>\n                    <p><strong style=\"color: rgb(6, 6, 6); font-weight: 600;\">Omnicanal<\/strong><span style=\"color: rgb(6, 6, 6); font-weight: 600;\">&nbsp;<\/span><span style=\"color: rgb(6, 6, 6); font-weight: 400;\">: <\/span><span style=\"color: rgb(243, 79, 28); font-weight: 600;\">Engagez les clients<\/span>\n                      <span\n                        style=\"color: rgb(6, 6, 6); font-weight: 400;\"> sur leur canal pr\u00e9f\u00e9r\u00e9, que ce soit par t\u00e9l\u00e9phone, e-mail, chat ou r\u00e9seaux sociaux.<\/span>\n                    <\/p>\n                    <p>\n                      <br>\n                    <\/p>\n                  <\/div>\n                <\/div>\n              <\/div>\n            <\/div>\n          <\/div>\n          <div data-aos=\"fadeInRight\" class=\"h-column h-column-container d-flex h-col-lg-auto h-col-md-auto h-col-auto style-1704-outer style-local-864-c11-outer\">\n            <div data-colibri-id=\"864-c11\" class=\"d-flex h-flex-basis h-column__inner h-ui-empty-state-container h-px-lg-0 h-px-md-0 h-px-0 v-inner-lg-0 v-inner-md-0 v-inner-0 style-1704 style-local-864-c11 position-relative\">\n              <!---->\n              <!---->\n              <div class=\"w-100 h-y-container h-column__content h-column__v-align flex-basis-100\">\n                <!---->\n              <\/div>\n            <\/div>\n          <\/div>\n        <\/div>\n      <\/div>\n    <\/div>\n  <\/div>\n<\/div>","protected":false},"excerpt":{"rendered":"<p>Dynamics 365 r\u00e9volutionne la mani\u00e8re dont les entreprises interagissent avec leurs clients. Avec Dynamics 365 for Sales, transformez vos relations client en insights pr\u00e9cieux pour conclure plus de ventes et accro\u00eetre leur fid\u00e9lit\u00e9. Dynamics 365 for Sales Gestion de la relation client&nbsp;: Suivez et g\u00e9rez vos contacts et opportunit\u00e9s de vente avec une vue \u00e0 [&hellip;]<\/p>\n","protected":false},"author":1,"featured_media":0,"parent":0,"menu_order":0,"comment_status":"closed","ping_status":"closed","template":"page-templates\/full-width-page.php","meta":{"advanced_seo_description":"","jetpack_seo_html_title":"","jetpack_seo_noindex":false,"footnotes":""},"class_list":["post-864","page","type-page","status-publish","hentry"],"jetpack_sharing_enabled":true,"_links":{"self":[{"href":"https:\/\/be365.fr\/index.php\/wp-json\/wp\/v2\/pages\/864","targetHints":{"allow":["GET"]}}],"collection":[{"href":"https:\/\/be365.fr\/index.php\/wp-json\/wp\/v2\/pages"}],"about":[{"href":"https:\/\/be365.fr\/index.php\/wp-json\/wp\/v2\/types\/page"}],"author":[{"embeddable":true,"href":"https:\/\/be365.fr\/index.php\/wp-json\/wp\/v2\/users\/1"}],"replies":[{"embeddable":true,"href":"https:\/\/be365.fr\/index.php\/wp-json\/wp\/v2\/comments?post=864"}],"version-history":[{"count":7,"href":"https:\/\/be365.fr\/index.php\/wp-json\/wp\/v2\/pages\/864\/revisions"}],"predecessor-version":[{"id":2139,"href":"https:\/\/be365.fr\/index.php\/wp-json\/wp\/v2\/pages\/864\/revisions\/2139"}],"wp:attachment":[{"href":"https:\/\/be365.fr\/index.php\/wp-json\/wp\/v2\/media?parent=864"}],"curies":[{"name":"wp","href":"https:\/\/api.w.org\/{rel}","templated":true}]}}