{"id":475,"date":"2020-10-09T16:28:03","date_gmt":"2020-10-09T14:28:03","guid":{"rendered":"https:\/\/be365.fr\/index.php\/solutions\/"},"modified":"2023-03-20T02:19:22","modified_gmt":"2023-03-20T01:19:22","slug":"nos-solutions","status":"publish","type":"page","link":"https:\/\/be365.fr\/index.php\/nos-solutions\/","title":{"rendered":"Nos solutions"},"content":{"rendered":"<div data-colibri-id=\"475-c1\" class=\"style-425 style-local-475-c1 position-relative\">\n  <!---->\n  <div data-colibri-component=\"section\" data-colibri-id=\"475-c2\" id=\"features\" class=\"h-section h-section-global-spacing d-flex align-items-lg-center align-items-md-center align-items-center style-1068 style-local-475-c2 position-relative\">\n    <!---->\n    <!---->\n    <div class=\"h-section-grid-container h-section-boxed-container\">\n      <div data-colibri-id=\"475-c48\" class=\"h-row-container gutters-row-lg-2 gutters-row-md-2 gutters-row-2 gutters-row-v-lg-2 gutters-row-v-md-2 gutters-row-v-2 style-1084 style-local-475-c48 position-relative\">\n        <!---->\n        <div class=\"h-row justify-content-lg-center justify-content-md-center justify-content-center align-items-lg-stretch align-items-md-stretch align-items-stretch gutters-col-lg-2 gutters-col-md-2 gutters-col-2 gutters-col-v-lg-2 gutters-col-v-md-2 gutters-col-v-2\">\n          <!---->\n          <div class=\"h-column h-column-container d-flex h-col-lg-auto h-col-md-auto h-col-auto style-1085-outer style-local-475-c49-outer\">\n            <div data-colibri-id=\"475-c49\" class=\"d-flex h-flex-basis h-column__inner h-px-lg-2 h-px-md-2 h-px-2 v-inner-lg-2 v-inner-md-2 v-inner-2 style-1085 style-local-475-c49 position-relative\">\n              <!---->\n              <!---->\n              <div class=\"w-100 h-y-container h-column__content h-column__v-align flex-basis-100 align-self-lg-start align-self-md-start align-self-start\">\n                <!---->\n                <div data-colibri-id=\"475-c50\" class=\"h-global-transition-all h-heading style-1086 style-local-475-c50 position-relative h-element\">\n                  <!---->\n                  <div class=\"h-heading__outer style-1086 style-local-475-c50\">\n                    <!---->\n                    <!---->\n                    <h2 class=\"\">D\u00e9couvrez nos produits<\/h2>\n                  <\/div>\n                <\/div>\n                <div data-colibri-id=\"475-c51\" class=\"h-lead h-text h-text-component style-1087 style-local-475-c51 position-relative h-element\">\n                  <!---->\n                  <!---->\n                  <div class=\"\">\n                    <p>Be 365 travaille chaque jour pour s\u00e9lectionner les meilleures solutions TPE\/PME adapt\u00e9e \u00e0 vos besoins<\/p>\n                  <\/div>\n                <\/div>\n              <\/div>\n            <\/div>\n          <\/div>\n        <\/div>\n      <\/div>\n      <div data-colibri-id=\"475-c3\" class=\"h-row-container gutters-row-lg-2 gutters-row-md-2 gutters-row-2 gutters-row-v-lg-2 gutters-row-v-md-2 gutters-row-v-2 style-1069 style-local-475-c3 position-relative\">\n        <!---->\n        <div class=\"h-row justify-content-lg-center justify-content-md-center justify-content-center align-items-lg-stretch align-items-md-stretch align-items-stretch gutters-col-lg-2 gutters-col-md-2 gutters-col-2 gutters-col-v-lg-2 gutters-col-v-md-2 gutters-col-v-2\">\n          <!---->\n          <div class=\"h-column h-column-container d-flex h-col-lg-6 h-col-md-6 h-col-12 style-1070-outer style-local-475-c4-outer\">\n            <div data-colibri-id=\"475-c4\" class=\"d-flex h-flex-basis h-column__inner h-px-lg-0 h-px-md-0 h-px-0 v-inner-lg-0 v-inner-md-0 v-inner-0 style-1070 style-local-475-c4 position-relative\">\n              <!---->\n              <!---->\n              <div class=\"w-100 h-y-container h-column__content h-column__v-align flex-basis-100 align-self-lg-start align-self-md-start align-self-start\">\n                <!---->\n                <div data-colibri-component=\"content-swap\" data-colibri-id=\"475-c5\" class=\"content-swap flip-container style-1071 style-local-475-c5 position-relative h-element\">\n                  <!---->\n                  <div class=\"d-flex position-relative border-radius-inherit flipper\">\n                    <div data-normal=\"\" data-colibri-id=\"475-c6\" class=\"h-content-swap__normal d-flex border-radius-inherit animated front style-1072 style-local-475-c6 position-relative\">\n                      <!---->\n                      <div class=\"w-100 h-y-container align-self-lg-center align-self-md-center align-self-center\">\n                        <!---->\n                        <div data-colibri-id=\"475-c7\" class=\"h-icon style-1073 style-local-475-c7 position-relative h-element\">\n                          <!----><span class=\"h-svg-icon h-icon__icon style-1073-icon style-local-475-c7-icon\"><!--Icon by Icons8 Line Awesome (https:\/\/icons8.com\/line-awesome)--><svg version=\"1.1\" xmlns=\"http:\/\/www.w3.org\/2000\/svg\" xmlns:xlink=\"http:\/\/www.w3.org\/1999\/xlink\" id=\"phone\" viewBox=\"0 0 512 545.5\"><path d=\"M138.5 80c8.375 0 16.656 3.024 23.5 8.5l1 .5.5.5 64 66 1.5 1.5-.5.5c14.174 13.212 13.968 35.53.5 49l-32 32c4.92 11.277 18.33 40.02 44.5 65 26.358 25.16 53.932 39.467 65.5 45l31.5-31.5.5-.5c13.28-13.28 36.72-13.28 50 0l.5 1 65 65c13.28 13.28 13.28 36.22 0 49.5L405 481.5l-.5.5-.5.5c-15.01 12.867-36.04 17.486-55.5 11h-.5c-37.55-14.693-113.51-48.01-181.5-116C98.773 309.773 64.052 234.84 50.5 196c-.035-.1.034-.4 0-.5-6.703-18.434-1.915-39.738 13.5-54l-.5-.5 50-51.5.5-.5 1-.5c6.844-5.476 15.125-8.5 23.5-8.5zm0 32c-1.172 0-2.344.575-3.5 1.5L86.5 163l-.5.5-.5.5c-5.674 4.863-7.44 14.493-5 21 12.12 34.847 45.2 106.7 108.5 170 62.784 62.784 133.224 93.76 169.5 108 9.34 3.113 17.11 1.833 24.5-4.5l49-49c2.72-2.72 2.72-1.78 0-4.5l-65.5-65.5c-2.72-2.72-2.28-2.72-5 0l-40 40-7.5 7.5-10-4.5s-43.83-18.552-81-52.5l-3.5-3c-38.595-36.84-57-86-57-86l-3.5-10 7.5-7 40-40c1.966-1.966.874-3.6 1-3.5l-.5-.5-1-1-64-65.5c-1.156-.925-2.328-1.5-3.5-1.5z\"><\/path><\/svg><\/span><\/div>\n                        <div\n                          data-colibri-id=\"475-c8\" class=\"h-global-transition-all h-heading style-1074 style-local-475-c8 position-relative h-element\">\n                          <!---->\n                          <div class=\"h-heading__outer style-1074 style-local-475-c8\">\n                            <!---->\n                            <!---->\n                            <h4 class=\"\">T\u00e9l\u00e9phonie Teams<\/h4>\n                          <\/div>\n                      <\/div>\n                      <div data-colibri-id=\"475-c9\" class=\"h-text h-text-component style-1075 style-local-475-c9 position-relative h-element\">\n                        <!---->\n                        <!---->\n                        <div class=\"\">\n                          <p>Optimisez les flux d&rsquo;appels entrants afin de ne plus laisser passer une opportunit\u00e9 et bien orienter un client<\/p>\n                        <\/div>\n                      <\/div>\n                    <\/div>\n                  <\/div>\n                  <div data-hover=\"\" data-colibri-component=\"link\" data-href=\"\" data-colibri-id=\"475-c10\" class=\"h-content-swap-hover-container animated h-content-swap__hover d-flex border-radius-inherit hFlipInBackX justify-content-lg-center justify-content-md-center justify-content-center back h-content-swap__overflow style-1076 style-local-475-c10 position-relative\"\n                    style=\"display: none;\">\n                    <!---->\n                    <div class=\"w-100 h-y-container align-self-lg-center align-self-md-center align-self-center\">\n                      <!---->\n                      <div data-colibri-id=\"475-c11\" class=\"h-x-container style-1077 style-local-475-c11 position-relative h-element\">\n                        <!---->\n                        <div class=\"h-x-container-inner style-dynamic-475-c11-group style-1077-spacing style-local-475-c11-spacing\"><span class=\"h-button__outer style-1078-outer style-local-475-c12-outer d-inline-flex h-element\"><a h-use-smooth-scroll=\"true\" href=\"https:\/\/be365.fr\/index.php\/telephonie-teams\/\"  data-colibri-id=\"475-c12\" class=\"d-flex w-100 align-items-center h-button justify-content-lg-center justify-content-md-center justify-content-center style-1078 style-local-475-c12 position-relative\"><!----><!----> <span>En savoir plus<\/span><\/a>\n                          <\/span>\n                        <\/div>\n                      <\/div>\n                    <\/div>\n                  <\/div>\n                <\/div>\n              <\/div>\n            <\/div>\n          <\/div>\n        <\/div>\n        <div class=\"h-column h-column-container d-flex h-col-lg-6 h-col-md-6 h-col-12 style-1070-outer style-local-475-c13-outer\">\n          <div data-colibri-id=\"475-c13\" class=\"d-flex h-flex-basis h-column__inner h-px-lg-0 h-px-md-0 h-px-0 v-inner-lg-0 v-inner-md-0 v-inner-0 style-1070 style-local-475-c13 position-relative\">\n            <!---->\n            <!---->\n            <div class=\"w-100 h-y-container h-column__content h-column__v-align flex-basis-100 align-self-lg-start align-self-md-start align-self-start\">\n              <!---->\n              <div data-colibri-component=\"content-swap\" data-colibri-id=\"475-c31\" class=\"content-swap flip-container style-1071 style-local-475-c31 position-relative h-element\">\n                <!---->\n                <div class=\"d-flex position-relative border-radius-inherit flipper\">\n                  <div data-normal=\"\" data-colibri-id=\"475-c32\" class=\"h-content-swap__normal d-flex border-radius-inherit animated front style-1072 style-local-475-c32 position-relative\">\n                    <!---->\n                    <div class=\"w-100 h-y-container align-self-lg-center align-self-md-center align-self-center\">\n                      <!---->\n                      <div data-colibri-id=\"475-c33\" class=\"h-icon style-1073 style-local-475-c33 position-relative h-element\">\n                        <!----><span class=\"h-svg-icon h-icon__icon style-1073-icon style-local-475-c33-icon\"><!--Icon by Icons8 Line Awesome (https:\/\/icons8.com\/line-awesome)--><svg version=\"1.1\" xmlns=\"http:\/\/www.w3.org\/2000\/svg\" xmlns:xlink=\"http:\/\/www.w3.org\/1999\/xlink\" id=\"headphones\" viewBox=\"0 0 512 545.5\"><path d=\"M256 112c97.015 0 176 78.985 176 176v128c0 26.32-21.68 48-48 48h-48V320h64v-32c0-79.722-64.278-144-144-144s-144 64.278-144 144v32h64v144h-48c-26.32 0-48-21.68-48-48V288c0-97.015 78.985-176 176-176zM112 352v64c0 9.04 6.96 16 16 16h16v-80h-32zm256 0v80h16c9.04 0 16-6.96 16-16v-64h-32z\"><\/path><\/svg><\/span><\/div>\n                      <div\n                        data-colibri-id=\"475-c34\" class=\"h-global-transition-all h-heading style-1074 style-local-475-c34 position-relative h-element\">\n                        <!---->\n                        <div class=\"h-heading__outer style-1074 style-local-475-c34\">\n                          <!---->\n                          <!---->\n                          <h4 class=\"\">Studio Be 365<\/h4>\n                        <\/div>\n                    <\/div>\n                    <div data-colibri-id=\"475-c35\" class=\"h-text h-text-component style-1075 style-local-475-c35 position-relative h-element\">\n                      <!---->\n                      <!---->\n                      <div class=\"\">\n                        <p><span style=\"color: rgb(255, 255, 255); font-family: &quot;Work Sans&quot;; font-size: 16px;\">Donnez une image professionnelle de votre entreprise&nbsp;et communiquez aupr\u00e8s de vos clients et prospects<\/span><\/p>\n                      <\/div>\n                    <\/div>\n                  <\/div>\n                <\/div>\n                <div data-hover=\"\" data-colibri-component=\"link\" data-href=\"\" data-colibri-id=\"475-c36\" class=\"h-content-swap-hover-container animated h-content-swap__hover d-flex border-radius-inherit hFlipInBackX justify-content-lg-center justify-content-md-center justify-content-center back h-content-swap__overflow style-1076 style-local-475-c36 position-relative\"\n                  style=\"display: none;\">\n                  <!---->\n                  <div class=\"w-100 h-y-container align-self-lg-center align-self-md-center align-self-center\">\n                    <!---->\n                    <div data-colibri-id=\"475-c37\" class=\"h-x-container style-1077 style-local-475-c37 position-relative h-element\">\n                      <!---->\n                      <div class=\"h-x-container-inner style-dynamic-475-c37-group style-1077-spacing style-local-475-c37-spacing\"><span class=\"h-button__outer style-1078-outer style-local-475-c38-outer d-inline-flex h-element\"><a h-use-smooth-scroll=\"true\" href=\"https:\/\/be365.annoncetelephonique.com\"  data-colibri-id=\"475-c38\" class=\"d-flex w-100 align-items-center h-button justify-content-lg-center justify-content-md-center justify-content-center style-1078 style-local-475-c38 position-relative\"><!----><!----> <span>En savoir plus<\/span><\/a>\n                        <\/span>\n                      <\/div>\n                    <\/div>\n                  <\/div>\n                <\/div>\n              <\/div>\n            <\/div>\n          <\/div>\n        <\/div>\n      <\/div>\n      <div class=\"h-column h-column-container d-flex h-col-lg-6 h-col-md-6 h-col-12 style-1070-outer style-local-475-c22-outer\">\n        <div data-colibri-id=\"475-c22\" class=\"d-flex h-flex-basis h-column__inner h-px-lg-0 h-px-md-0 h-px-0 v-inner-lg-0 v-inner-md-0 v-inner-0 style-1070 style-local-475-c22 position-relative\">\n          <!---->\n          <!---->\n          <div class=\"w-100 h-y-container h-column__content h-column__v-align flex-basis-100 align-self-lg-start align-self-md-start align-self-start\">\n            <!---->\n            <div data-colibri-component=\"content-swap\" data-colibri-id=\"475-c23\" class=\"content-swap flip-container style-1071 style-local-475-c23 position-relative h-element\">\n              <!---->\n              <div class=\"d-flex position-relative border-radius-inherit flipper\">\n                <div data-normal=\"\" data-colibri-id=\"475-c24\" class=\"h-content-swap__normal d-flex border-radius-inherit animated front style-1072 style-local-475-c24 position-relative\">\n                  <!---->\n                  <div class=\"w-100 h-y-container align-self-lg-center align-self-md-center align-self-center\">\n                    <!---->\n                    <div data-colibri-id=\"475-c25\" class=\"h-icon style-1073 style-local-475-c25 position-relative h-element\">\n                      <!----><span class=\"h-svg-icon h-icon__icon style-1073-icon style-local-475-c25-icon\"><!--Icon by Icons8 Line Awesome (https:\/\/icons8.com\/line-awesome)--><svg version=\"1.1\" xmlns=\"http:\/\/www.w3.org\/2000\/svg\" xmlns:xlink=\"http:\/\/www.w3.org\/1999\/xlink\" id=\"building\" viewBox=\"0 0 512 545.5\"><path d=\"M64 80h384v416H272v-64h-32v64H64V80zm32 32v352h112v-64h96v64h112V112H96zm32 32h64v32h-64v-32zm96 0h64v32h-64v-32zm96 0h64v32h-64v-32zm-192 64h64v32h-64v-32zm96 0h64v32h-64v-32zm96 0h64v32h-64v-32zm-192 64h64v32h-64v-32zm96 0h64v32h-64v-32zm96 0h64v32h-64v-32zm-192 64h64v32h-64v-32zm96 0h64v32h-64v-32zm96 0h64v32h-64v-32zm-192 64h64v32h-64v-32zm192 0h64v32h-64v-32z\"><\/path><\/svg><\/span><\/div>\n                    <div\n                      data-colibri-id=\"475-c26\" class=\"h-global-transition-all h-heading style-1074 style-local-475-c26 position-relative h-element\">\n                      <!---->\n                      <div class=\"h-heading__outer style-1074 style-local-475-c26\">\n                        <!---->\n                        <!---->\n                        <h4 class=\"\">Dynamics 365<\/h4>\n                      <\/div>\n                  <\/div>\n                  <div data-colibri-id=\"475-c27\" class=\"h-text h-text-component style-1075 style-local-475-c27 position-relative h-element\">\n                    <!---->\n                    <!---->\n                    <div class=\"\">\n                      <p>Relevez les d\u00e9fis actuels en regroupant vos clients et votre entreprise avec la nouvelle g\u00e9n\u00e9ration d\u2019applications CRM<\/p>\n                    <\/div>\n                  <\/div>\n                <\/div>\n              <\/div>\n              <div data-hover=\"\" data-colibri-component=\"link\" data-href=\"\" data-colibri-id=\"475-c28\" class=\"h-content-swap-hover-container animated h-content-swap__hover d-flex border-radius-inherit hFlipInBackX justify-content-lg-center justify-content-md-center justify-content-center back h-content-swap__overflow style-1076 style-local-475-c28 position-relative\"\n                style=\"display: none;\">\n                <!---->\n                <div class=\"w-100 h-y-container align-self-lg-center align-self-md-center align-self-center\">\n                  <!---->\n                  <div data-colibri-id=\"475-c29\" class=\"h-x-container style-1077 style-local-475-c29 position-relative h-element\">\n                    <!---->\n                    <div class=\"h-x-container-inner style-dynamic-475-c29-group style-1077-spacing style-local-475-c29-spacing\"><span class=\"h-button__outer style-1078-outer style-local-475-c30-outer d-inline-flex h-element\"><a h-use-smooth-scroll=\"true\" href=\"https:\/\/be365.fr\/index.php\/dynamics-365\/\"  data-colibri-id=\"475-c30\" class=\"d-flex w-100 align-items-center h-button justify-content-lg-center justify-content-md-center justify-content-center style-1078 style-local-475-c30 position-relative\"><!----><!----> <span>En savoir plus<\/span><\/a>\n                      <\/span>\n                    <\/div>\n                  <\/div>\n                <\/div>\n              <\/div>\n            <\/div>\n          <\/div>\n        <\/div>\n      <\/div>\n    <\/div>\n    <div class=\"h-column h-column-container d-flex h-col-lg-6 h-col-md-6 h-col-12 style-1070-outer style-local-475-c39-outer\">\n      <div data-colibri-id=\"475-c39\" class=\"d-flex h-flex-basis h-column__inner h-px-lg-0 h-px-md-0 h-px-0 v-inner-lg-0 v-inner-md-0 v-inner-0 style-1070 style-local-475-c39 position-relative\">\n        <!---->\n        <!---->\n        <div class=\"w-100 h-y-container h-column__content h-column__v-align flex-basis-100 align-self-lg-start align-self-md-start align-self-start\">\n          <!---->\n          <div data-colibri-component=\"content-swap\" data-colibri-id=\"475-c40\" class=\"content-swap flip-container style-1071 style-local-475-c40 position-relative h-element\">\n            <!---->\n            <div class=\"d-flex position-relative border-radius-inherit flipper\">\n              <div data-normal=\"\" data-colibri-id=\"475-c41\" class=\"h-content-swap__normal d-flex border-radius-inherit animated front style-1072 style-local-475-c41 position-relative\">\n                <!---->\n                <div class=\"w-100 h-y-container align-self-lg-center align-self-md-center align-self-center\">\n                  <!---->\n                  <div data-colibri-id=\"475-c42\" class=\"h-icon style-1073 style-local-475-c42 position-relative h-element\">\n                    <!----><span class=\"h-svg-icon h-icon__icon style-1073-icon style-local-475-c42-icon\"><!--Icon by Icons8 Line Awesome (https:\/\/icons8.com\/line-awesome)--><svg version=\"1.1\" xmlns=\"http:\/\/www.w3.org\/2000\/svg\" xmlns:xlink=\"http:\/\/www.w3.org\/1999\/xlink\" id=\"bar-chart\" viewBox=\"0 0 512 545.5\"><path d=\"M336 96h128v384H336V96zm32 32v320h64V128h-64zM48 192h128v288H48V192zm32 32v224h64V224H80zm112 64h128v192H192V288zm32 32v128h64V320h-64z\"><\/path><\/svg><\/span><\/div>\n                  <div\n                    data-colibri-id=\"475-c43\" class=\"h-global-transition-all h-heading style-1074 style-local-475-c43 position-relative h-element\">\n                    <!---->\n                    <div class=\"h-heading__outer style-1074 style-local-475-c43\">\n                      <!---->\n                      <!---->\n                      <h4 class=\"\">Power BI<\/h4>\n                    <\/div>\n                <\/div>\n                <div data-colibri-id=\"475-c44\" class=\"h-text h-text-component style-1075 style-local-475-c44 position-relative h-element\">\n                  <!---->\n                  <!---->\n                  <div class=\"\">\n                    <p>Permettez \u00e0 tous les membres de votre organisation, tous niveaux confondus, de prendre des d\u00e9cisions \u00e9clair\u00e9es en s\u2019appuyant sur des analyses de pointe.<\/p>\n                  <\/div>\n                <\/div>\n              <\/div>\n            <\/div>\n            <div data-hover=\"\" data-colibri-component=\"link\" data-href=\"\" data-colibri-id=\"475-c45\" class=\"h-content-swap-hover-container animated h-content-swap__hover d-flex border-radius-inherit hFlipInBackX justify-content-lg-center justify-content-md-center justify-content-center back h-content-swap__overflow style-1076 style-local-475-c45 position-relative\"\n              style=\"display: none;\">\n              <!---->\n              <div class=\"w-100 h-y-container align-self-lg-center align-self-md-center align-self-center\">\n                <!---->\n                <div data-colibri-id=\"475-c46\" class=\"h-x-container style-1077 style-local-475-c46 position-relative h-element\">\n                  <!---->\n                  <div class=\"h-x-container-inner style-dynamic-475-c46-group style-1077-spacing style-local-475-c46-spacing\"><span class=\"h-button__outer style-1078-outer style-local-475-c47-outer d-inline-flex h-element\"><a h-use-smooth-scroll=\"true\" href=\"https:\/\/be365.fr\/index.php\/power-bi\/\"  data-colibri-id=\"475-c47\" class=\"d-flex w-100 align-items-center h-button justify-content-lg-center justify-content-md-center justify-content-center style-1078 style-local-475-c47 position-relative\"><!----><!----> <span>En savoir plus<\/span><\/a>\n                    <\/span>\n                  <\/div>\n                <\/div>\n              <\/div>\n            <\/div>\n          <\/div>\n        <\/div>\n      <\/div>\n    <\/div>\n  <\/div>\n<\/div>\n<\/div>\n<\/div>\n<\/div>\n<\/div>","protected":false},"excerpt":{"rendered":"<p>D\u00e9couvrez nos produits Be 365 travaille chaque jour pour s\u00e9lectionner les meilleures solutions TPE\/PME adapt\u00e9e \u00e0 vos besoins T\u00e9l\u00e9phonie Teams Optimisez les flux d&rsquo;appels entrants afin de ne plus laisser passer une opportunit\u00e9 et bien orienter un client En savoir plus Studio Be 365 Donnez une image professionnelle de votre entreprise&nbsp;et communiquez aupr\u00e8s de vos [&hellip;]<\/p>\n","protected":false},"author":1,"featured_media":0,"parent":0,"menu_order":0,"comment_status":"closed","ping_status":"closed","template":"page-templates\/full-width-page.php","meta":{"advanced_seo_description":"","jetpack_seo_html_title":"","jetpack_seo_noindex":false,"footnotes":""},"class_list":["post-475","page","type-page","status-publish","hentry"],"jetpack_sharing_enabled":true,"_links":{"self":[{"href":"https:\/\/be365.fr\/index.php\/wp-json\/wp\/v2\/pages\/475","targetHints":{"allow":["GET"]}}],"collection":[{"href":"https:\/\/be365.fr\/index.php\/wp-json\/wp\/v2\/pages"}],"about":[{"href":"https:\/\/be365.fr\/index.php\/wp-json\/wp\/v2\/types\/page"}],"author":[{"embeddable":true,"href":"https:\/\/be365.fr\/index.php\/wp-json\/wp\/v2\/users\/1"}],"replies":[{"embeddable":true,"href":"https:\/\/be365.fr\/index.php\/wp-json\/wp\/v2\/comments?post=475"}],"version-history":[{"count":11,"href":"https:\/\/be365.fr\/index.php\/wp-json\/wp\/v2\/pages\/475\/revisions"}],"predecessor-version":[{"id":1549,"href":"https:\/\/be365.fr\/index.php\/wp-json\/wp\/v2\/pages\/475\/revisions\/1549"}],"wp:attachment":[{"href":"https:\/\/be365.fr\/index.php\/wp-json\/wp\/v2\/media?parent=475"}],"curies":[{"name":"wp","href":"https:\/\/api.w.org\/{rel}","templated":true}]}}